{"id":207,"date":"2026-02-16T17:03:35","date_gmt":"2026-02-16T17:03:35","guid":{"rendered":"http:\/\/cavitscale.com\/?page_id=207"},"modified":"2026-03-12T09:40:32","modified_gmt":"2026-03-12T09:40:32","slug":"datenschutzerklaerung-privacy-policy","status":"publish","type":"page","link":"https:\/\/cavitscale.com\/?page_id=207","title":{"rendered":"Datenschutzerkl\u00e4rung\/Privacy Policy"},"content":{"rendered":"\n<ol><li><strong>Keine \u00dcbermittlung personenbezogener Daten<\/strong><br>Der Anbieter erhebt, verarbeitet oder nutzt keine personenbezogenen Daten der Nutzer \u00fcber die App. Daher finden die Vorschriften des \u00a7 28 Bundesdatenschutzgesetz (BDSG) sowie der \u00a7\u00a7 12 ff. Telemediengesetz (TMG) keine Anwendung.<\/li><li><strong>Keine Registrierung oder Leistungserbringung<\/strong><br>Da keine Registrierung erforderlich ist und keine personenbezogenen Daten im Rahmen der Leistungserbringung erhoben werden, entf\u00e4llt die Notwendigkeit der Verarbeitung solcher Daten gem\u00e4\u00df \u00a7 28 BDSG und \u00a7\u00a7 12 ff. TMG.<\/li><li><strong>Keine Auskunftspflicht<\/strong><br>Da keine personenbezogenen Daten gespeichert werden, besteht keine Verpflichtung des Anbieters, dem Nutzer Auskunft \u00fcber gespeicherte Daten zu erteilen.<\/li><li><strong>Hinweis gem\u00e4\u00df \u00a7 33 BDSG<\/strong><br>Es werden keine personenbezogenen Daten (Bestandsdaten) oder Informationen \u00fcber das Nutzungsverhalten gespeichert.<\/li><li><strong>Allgemeine Datenschutzinformationen<\/strong><br>Im \u00dcbrigen gelten die allgemeinen Datenschutzinformationen des Anbieters.<\/li><\/ol>\n\n\n\n<p><strong>Privacy Policy<\/strong><\/p>\n\n\n\n<ol><li><strong>No Transmission of Personal Data<\/strong><br>The provider does not collect, process, or use any personal data of users through the app. Therefore, the provisions of Section 28 of the Federal Data Protection Act (BDSG) and Sections 12 ff. of the Telemedia Act (TMG) do not apply.<\/li><li><strong>No Registration or Service Provision<\/strong><br>Since no registration is required and no personal data is collected in the course of service provision, there is no need to process such data under Section 28 BDSG and Sections 12 ff. TMG.<\/li><li><strong>No Obligation to Provide Information<\/strong><br>As no personal data is stored, the provider is not obliged to provide users with information about stored data.<\/li><li><strong>Notice Pursuant to Section 33 BDSG<\/strong><br>No personal data (inventory data) or information about usage behavior is stored.<\/li><li><strong>General Privacy Information<\/strong><br>Otherwise, the general privacy information of the provider applies.<\/li><\/ol>\n\n\n\n<hr class=\"wp-block-separator\"\/>\n","protected":false},"excerpt":{"rendered":"<p>Keine \u00dcbermittlung personenbezogener DatenDer Anbieter erhebt, verarbeitet oder nutzt keine personenbezogenen Daten der Nutzer \u00fcber die App. Daher finden die Vorschriften des \u00a7 28 Bundesdatenschutzgesetz (BDSG) sowie der \u00a7\u00a7 12 ff. Telemediengesetz (TMG) keine Anwendung. Keine Registrierung oder LeistungserbringungDa keine Registrierung erforderlich ist und keine personenbezogenen Daten im Rahmen der Leistungserbringung erhoben werden, entf\u00e4llt die &hellip; <a href=\"https:\/\/cavitscale.com\/?page_id=207\" class=\"more-link\"><span class=\"screen-reader-text\">&#8222;Datenschutzerkl\u00e4rung\/Privacy Policy&#8220; <\/span>weiterlesen<\/a><\/p>\n","protected":false},"author":1,"featured_media":0,"parent":0,"menu_order":6,"comment_status":"closed","ping_status":"closed","template":"","meta":[],"_links":{"self":[{"href":"https:\/\/cavitscale.com\/index.php?rest_route=\/wp\/v2\/pages\/207"}],"collection":[{"href":"https:\/\/cavitscale.com\/index.php?rest_route=\/wp\/v2\/pages"}],"about":[{"href":"https:\/\/cavitscale.com\/index.php?rest_route=\/wp\/v2\/types\/page"}],"author":[{"embeddable":true,"href":"https:\/\/cavitscale.com\/index.php?rest_route=\/wp\/v2\/users\/1"}],"replies":[{"embeddable":true,"href":"https:\/\/cavitscale.com\/index.php?rest_route=%2Fwp%2Fv2%2Fcomments&post=207"}],"version-history":[{"count":1,"href":"https:\/\/cavitscale.com\/index.php?rest_route=\/wp\/v2\/pages\/207\/revisions"}],"predecessor-version":[{"id":209,"href":"https:\/\/cavitscale.com\/index.php?rest_route=\/wp\/v2\/pages\/207\/revisions\/209"}],"wp:attachment":[{"href":"https:\/\/cavitscale.com\/index.php?rest_route=%2Fwp%2Fv2%2Fmedia&parent=207"}],"curies":[{"name":"wp","href":"https:\/\/api.w.org\/{rel}","templated":true}]}}